{"id":12954,"date":"2023-07-28T08:23:10","date_gmt":"2023-07-28T08:23:10","guid":{"rendered":"https:\/\/drniluferbahadirli.com\/?page_id=12954"},"modified":"2025-11-07T08:41:53","modified_gmt":"2025-11-07T08:41:53","slug":"privacy-policy","status":"publish","type":"page","link":"https:\/\/drniluferbahadirli.com\/en\/privacy-policy\/","title":{"rendered":"Privacy Policy"},"content":{"rendered":"<div data-elementor-type=\"wp-page\" data-elementor-id=\"12954\" class=\"elementor elementor-12954\">\n\t\t\t\t\t\t<section class=\"elementor-section elementor-top-section elementor-element elementor-element-501bbd21 elementor-section-boxed elementor-section-height-default elementor-section-height-default sc_fly_static\" data-id=\"501bbd21\" data-element_type=\"section\" data-settings=\"{&quot;background_background&quot;:&quot;classic&quot;}\">\n\t\t\t\t\t\t<div class=\"elementor-container elementor-column-gap-extended\">\n\t\t\t\t\t<div class=\"elementor-column elementor-col-100 elementor-top-column elementor-element elementor-element-159e4ff3 sc_content_align_inherit sc_layouts_column_icons_position_left sc_fly_static\" data-id=\"159e4ff3\" data-element_type=\"column\">\n\t\t\t<div class=\"elementor-widget-wrap elementor-element-populated\">\n\t\t\t\t\t\t<div class=\"elementor-element elementor-element-569d489f sc_fly_static elementor-widget elementor-widget-text-editor\" data-id=\"569d489f\" data-element_type=\"widget\" data-widget_type=\"text-editor.default\">\n\t\t\t\t<div class=\"elementor-widget-container\">\n\t\t\t\t\t\t\t\t\t<p>OP. DR. N\u0130L\u00dcFER BAHADIRLI K\u0130\u015e\u0130SEL VER\u0130LER\u0130N KORUNMASI KANUNU AYDINLATMA METN\u0130<\/p><p>OP. DR. N\u0130L\u00dcFER BAHADIRLI taraf\u0131ndan ki\u015fisel verilerinizin hukuka uygun olarak toplanmas\u0131, saklanmas\u0131, i\u015flenmesi ve gerekmesi durumunda payla\u015f\u0131lmas\u0131 s\u0131ras\u0131nda verilerinizin gizlili\u011fini korumak i\u00e7in m\u00fcmk\u00fcn olan en \u00fcst seviyede g\u00fcvenlik tedbirlerini almaktad\u0131r.<\/p><p>6698 say\u0131l\u0131 Ki\u015fisel Verilerin Korunmas\u0131 Kanunu\u2019nun (KVKK) 10. maddesi gere\u011fince ki\u015fisel verilerinizin i\u015flenme ama\u00e7lar\u0131, kimlere ve hangi ama\u00e7la aktar\u0131labilece\u011fi, toplanma y\u00f6ntemi, i\u015flemenin hukuki nedenleri ve haklar\u0131n\u0131z konular\u0131nda sizleri en \u015feffaf \u015fekilde bilgilendirmek amac\u0131yla i\u015fbu Ayd\u0131nlatma Metni haz\u0131rlanm\u0131\u015ft\u0131r.<\/p><p>KVKK uyar\u0131nca, ki\u015fisel verileriniz; veri sorumlusu olarak Op. Dr. Nil\u00fcfer Bahad\u0131rl\u0131 taraf\u0131ndan a\u015fa\u011f\u0131da a\u00e7\u0131klanan kapsamda toplanmakta ve i\u015flenmektedir.<\/p><p>Op. Dr. Nil\u00fcfer Bahad\u0131rl\u0131 taraf\u0131ndan,<\/p><p>\u2022 Kimlik, ileti\u015fim, \u00f6zl\u00fck, hukuki i\u015flem, m\u00fc\u015fteri i\u015flem, i\u015flem g\u00fcvenli\u011fi, risk y\u00f6netimi, finans, mesleki deneyim bilgileriniz, randevu alma, t\u0131bbi tan\u0131, te\u015fhis ve tedavi hizmetlerinin verilebilmesi, verilen hizmetlere y\u00f6nelik takiplerin ger\u00e7ekle\u015ftirilebilmesi, iyile\u015ftirilmelerin yap\u0131labilmesi, verilen hizmetlerin \u00f6demelerinin kabul edilebilmesi ve gerekli faturalama ve raporlama i\u015flemlerinin ger\u00e7ekle\u015ftirilmesi, taraf\u0131n\u0131zdan ya da resmi kurumlardan iletilebilecek soru, sorun, g\u00f6r\u00fc\u015f, bilgi alma taleplerinizin incelenebilmesi, de\u011ferlendirilebilmesi ve yan\u0131tlanabilmesi, istihdam ve\/veya staj faaliyetleri kapsam\u0131nda gerekli i\u015f ve i\u015flemlerin ger\u00e7ekle\u015ftirilebilmesi, m\u00fc\u015fteri memnuniyetinin \u00f6l\u00e7\u00fcmlenmesi ve art\u0131r\u0131lmas\u0131, \u015fik\u00e2yet y\u00f6netimi, yeni hizmet ve \u00fcr\u00fcnler ile ilgili g\u00f6r\u00fc\u015f ve \u00f6nerilerinizin al\u0131nmas\u0131, sorun-hata bildirimlerinizin al\u0131nmas\u0131, \u00fcr\u00fcn ve hizmetlere ili\u015fkin \u015fikayet ve taleplerinize y\u00f6nelik taraf\u0131n\u0131za bilgi verilmesi, pazar ara\u015ft\u0131rmas\u0131 ve sosyal sorumluluk aktiviteleri, sat\u0131n alma operasyonlar\u0131 (talep, teklif, de\u011ferlendirme, sipari\u015f, b\u00fct\u00e7elendirme, s\u00f6zle\u015fme), \u015firket i\u00e7i sistem ve uygulama y\u00f6netimi operasyonlar\u0131, hukuki operasyonlar\u0131 y\u00f6netmekama\u00e7lar\u0131yla, KVKK\u2019n\u0131n 5. maddesinin ikinci f\u0131kras\u0131nda yer alan \u201ca) Kanunlarda a\u00e7\u0131k\u00e7a \u00f6ng\u00f6r\u00fclmesi\u201d, \u201cc) Bir s\u00f6zle\u015fmenin kurulmas\u0131 veya ifas\u0131yla do\u011frudan do\u011fruya ilgili olmas\u0131 kayd\u0131yla, s\u00f6zle\u015fmenin taraflar\u0131na ait ki\u015fisel verilerin i\u015flenmesinin gerekli olmas\u0131.\u201d,\u201c\u00e7) Veri sorumlusunun hukuki y\u00fck\u00fcml\u00fcl\u00fc\u011f\u00fcn\u00fc yerine getirebilmesi i\u00e7in zorunlu olmas\u0131.\u201d ve \u201cf) \u0130lgili ki\u015finin temel hak ve \u00f6zg\u00fcrl\u00fcklerine zarar vermemek kayd\u0131yla, veri sorumlusunun me\u015fru menfaatleri i\u00e7in veri i\u015flenmesinin zorunlu olmas\u0131.\u201d hukuki sebeplerine dayal\u0131 olarak,<br \/>\u2022 Fiziksel mekan g\u00fcvenli\u011fi kapsam\u0131nda \u00e7al\u0131\u015fan ve ziyaret\u00e7ilerin giri\u015f \u00e7\u0131k\u0131\u015f kay\u0131t bilgileri ve kamera kay\u0131tlar\u0131 bilgileriniz klinikteki ve klini\u011fin bulundu\u011fu fiziksel mekanlardaki hekim, hasta, \u00e7al\u0131\u015fan, ziyaret\u00e7i ve di\u011fer s\u0131fatlarla s\u00f6z konusu fiziksel mekanlarda bulunan ki\u015filerin g\u00fcvenli\u011finin sa\u011flanabilmesi ama\u00e7lar\u0131yla, KVKK\u2019n\u0131n 5. maddesininikinci f\u0131kras\u0131nda yer alan \u201cf) \u0130lgili ki\u015finin temel hak ve \u00f6zg\u00fcrl\u00fcklerine zarar vermemek kayd\u0131yla, veri sorumlusunun me\u015fru menfaatleri i\u00e7in veri i\u015flenmesinin zorunlu olmas\u0131.\u201d hukuki sebebine dayal\u0131 olarak,<br \/>\u2022 Sa\u011fl\u0131k verileriniz, kan grubu bilgileriniz, ki\u015fisel sa\u011fl\u0131k bilgileriniz, kullan\u0131lan cihaz ve protez bilgileriniz, engellilik durumuna ili\u015fkin bilgileriniz, ge\u00e7mi\u015f hastal\u0131klar\u0131n\u0131za ili\u015fkin bilgiler, kulland\u0131\u011f\u0131n\u0131z ila\u00e7lara ili\u015fkin bilgilerinizden olu\u015fan \u00f6zel nitelikli ki\u015fisel verileriniz, sa\u011fl\u0131k hizmetlerinin taraf\u0131n\u0131za sunulmas\u0131, sa\u011fl\u0131k \u00fcr\u00fcnlerinin taraf\u0131n\u0131za sunulmas\u0131, bunun i\u00e7in gerekli t\u0131bbi tan\u0131, te\u015fhis ve tedavi hizmetlerinin verilebilmesi, verilen hizmetlere y\u00f6nelik takiplerin ger\u00e7ekle\u015ftirilebilmesi, iyile\u015ftirilmelerin yap\u0131labilmesi, gerekli kay\u0131t ve belgelerin d\u00fczenlenebilmesi, yerel ve uluslararas\u0131 yasal mevzuat\u0131n \u00f6ng\u00f6rd\u00fc\u011f\u00fc bilgi saklama, raporlama, bilgilendirme, vergi ve sair y\u00fck\u00fcml\u00fcl\u00fcklere uyulabilmesi, taraf\u0131n\u0131zdan ya da resmi kurumlardan iletilebilecek soru, sorun, g\u00f6r\u00fc\u015f, bilgi alma taleplerinizin incelenebilmesi, de\u011ferlendirilebilmesi ve yan\u0131tlanabilmesi, \u015fik\u00e2yet y\u00f6netimi, yeni hizmet ve \u00fcr\u00fcnler ile ilgili g\u00f6r\u00fc\u015f ve \u00f6nerilerinizin al\u0131nmas\u0131, sorun-hata bildirimlerinizin al\u0131nmas\u0131, \u00fcr\u00fcn ve hizmetlere ili\u015fkin \u015fikayet ve taleplerinize y\u00f6nelik taraf\u0131n\u0131za bilgi verilmesi ama\u00e7lar\u0131yla, KVKK\u2019n\u0131n 6. maddesinin \u00fc\u00e7\u00fcnc\u00fc f\u0131kras\u0131nda yer alan \u201cBirinci f\u0131krada say\u0131lan sa\u011fl\u0131k ve cinsel hayat d\u0131\u015f\u0131ndaki ki\u015fisel veriler, kanunlarda \u00f6ng\u00f6r\u00fclen h\u00e2llerde ilgili ki\u015finin a\u00e7\u0131k r\u0131zas\u0131 aranmaks\u0131z\u0131n i\u015flenebilir. Sa\u011fl\u0131k ve cinsel hayata ili\u015fkin ki\u015fisel veriler ise ancak kamu sa\u011fl\u0131\u011f\u0131n\u0131n korunmas\u0131, koruyucu hekimlik, t\u0131bb\u00ee te\u015fhis, tedavi ve bak\u0131m hizmetlerinin y\u00fcr\u00fct\u00fclmesi, sa\u011fl\u0131k hizmetleri ile finansman\u0131n\u0131n planlanmas\u0131 ve y\u00f6netimi amac\u0131yla, s\u0131r saklama y\u00fck\u00fcml\u00fcl\u00fc\u011f\u00fc alt\u0131nda bulunan ki\u015filer veya yetkili kurum ve kurulu\u015flar taraf\u0131ndan ilgilinin a\u00e7\u0131k r\u0131zas\u0131 aranmaks\u0131z\u0131n i\u015flenebilir.\u201d hukuki sebebine dayal\u0131 olarak<br \/>\u2022 Kimlik ve ileti\u015fim bilgileriniz, hizmet ve \u00fcr\u00fcnlerin kalitesinin art\u0131r\u0131lmas\u0131na y\u00f6nelik yap\u0131lacak olan sat\u0131\u015f ve pazarlama faaliyetleri i\u00e7in yap\u0131lacak size \u00f6zel reklam, kampanya, avantajlar ve faydalar sunmak, sat\u0131\u015f ve pazarlama faaliyetleri i\u00e7in yap\u0131lacak trafik \u00f6l\u00e7\u00fcmleme, istatistiki analizler, segmentasyon\/profilleme ve CRM \u00e7al\u0131\u015fmalar\u0131n\u0131 y\u00fcr\u00fctmek, m\u00fc\u015fteri memnuniyetinin \u00f6l\u00e7\u00fcmlenmesi ve art\u0131r\u0131lmas\u0131, ilginizi \u00e7ekebilecek \u00fcr\u00fcn ve hizmetleri tespit edip bu do\u011frultuda size \u00f6neriler yapmak, promosyon ve hediye g\u00f6nderimi yapmak, \u00e7evrimi\u00e7i davran\u0131\u015flar\u0131n\u0131z\u0131 analiz ederek size \u00f6zel reklamlar g\u00f6stermek, size sa\u011flad\u0131\u011f\u0131m\u0131z hizmetin kalitesinin \u00f6l\u00e7\u00fclmesi ve geli\u015ftirilmesi, taraf\u0131m\u0131zca belirlenen segmentlere g\u00f6re profilleme ve skorlama yap\u0131larak m\u00fc\u015fteri portf\u00f6y\u00fcm\u00fcz\u00fcn y\u00f6netilmesi, yeni \u00fcr\u00fcn \u00e7al\u0131\u015fmalar\u0131 ve\/veya geli\u015ftirmeleri yapmak amac\u0131yla KVKK\u2019n\u0131n 5. maddesinin 1. f\u0131kras\u0131 ile 6. maddesinin 1. f\u0131kras\u0131 \u00e7er\u00e7evesinde \u201ca\u00e7\u0131k r\u0131za\u201d hukuki sebebine dayal\u0131 olarak<br \/>i\u015flenebilecek ve bulut sistemlerine aktar\u0131labilecektir.<\/p><p>Ki\u015fisel verileriniz ve \u00f6zel nitelikli ki\u015fisel verileriniz, yukar\u0131da yer verilen i\u015fleme ama\u00e7lar\u0131n\u0131n ger\u00e7ekle\u015ftirilmesi i\u00e7in Sa\u011fl\u0131k Bakanl\u0131\u011f\u0131, \u0130l Sa\u011fl\u0131k M\u00fcd\u00fcrl\u00fc\u011f\u00fc\u2019ne, Sosyal G\u00fcvenlik Kurumu mevzuat\u0131, veri mevzuat\u0131, Su\u00e7 Gelirlerinin Aklanmas\u0131n\u0131n \u00d6nlenmesi Hakk\u0131nda Kanun, Karaparan\u0131n Aklanmas\u0131n\u0131n \u00d6nlenmesine Dair Kanun ve ilgili di\u011fer mevzuat, T\u00fcrk Ticaret Kanunu, Bor\u00e7lar Kanunu ve ilgili di\u011fer mevzuat uyar\u0131nca yetkili olan ki\u015fi veya kurulu\u015flara,idari ve yasal mercilere, t\u0131bbi tahlil laboratuvarlar\u0131 ve benzeri hizmetler sunan te\u015fhis ve tedaviye y\u00f6nelik kurum ve kurulu\u015flara, \u00fcr\u00fcn\/hizmet kar\u015f\u0131la\u015ft\u0131rma, analiz, de\u011ferlendirme, reklam ve yukar\u0131da belirtilen ama\u00e7lar\u0131n ger\u00e7ekle\u015ftirilmesinde hizmet al\u0131nan, i\u015f birli\u011fi yap\u0131lan ger\u00e7ek veya t\u00fczel ki\u015filere, program orta\u011f\u0131 kurum ve kurulu\u015flara, m\u00fc\u015fterilerimize g\u00f6nderdi\u011fimiz iletilerin g\u00f6nderilmesi konusunda anla\u015fmal\u0131 oldu\u011fumuz kurumlara, verilen sipari\u015flerin size teslimini ger\u00e7ekle\u015ftiren kargo \u015firketlerine aktar\u0131labilecektir.<\/p><p>\u0130lgili ki\u015fi olarak, haklar\u0131n\u0131za ili\u015fkin taleplerinizi a\u015fa\u011f\u0131da d\u00fczenlenen y\u00f6ntemlerle iletmeniz durumunda Op. Dr. Nil\u00fcfer Bahad\u0131rl\u0131, talebin niteli\u011fine g\u00f6re talebi en k\u0131sa s\u00fcrede ve en ge\u00e7 otuz g\u00fcn i\u00e7inde sonu\u00e7land\u0131racakt\u0131r. Verilecek cevapta on sayfaya kadar \u00fccret al\u0131nmayacakt\u0131r. On sayfan\u0131n \u00fczerindeki her sayfa i\u00e7in 1 T\u00fcrk Liras\u0131 i\u015flem \u00fccreti al\u0131nacakt\u0131r. Ba\u015fvuruya cevab\u0131n CD, flash bellek gibi bir kay\u0131t ortam\u0131nda verilmesi halinde taraf\u0131m\u0131zca talep edilebilecek \u00fccret, kay\u0131t ortam\u0131n\u0131n maliyetini ge\u00e7meyecektir.<\/p><p>KVKK\u2019n\u0131n 11. maddesi uyar\u0131nca;<\/p><p>(i) ki\u015fisel verilerinizin i\u015flenip i\u015flenmedi\u011fini \u00f6\u011frenme,<\/p><p>(ii) ki\u015fisel verileriniz i\u015flenmi\u015fse buna ili\u015fkin bilgi talep etme,<\/p><p>(iii) ki\u015fisel verilerinizin i\u015flenme amac\u0131n\u0131 ve bunlar\u0131n amac\u0131na uygun kullan\u0131l\u0131p kullan\u0131lmad\u0131\u011f\u0131n\u0131 \u00f6\u011frenme,<\/p><p>(iv) yurt i\u00e7inde veya yurt d\u0131\u015f\u0131nda ki\u015fisel verilerinizin aktar\u0131ld\u0131\u011f\u0131 \u00fc\u00e7\u00fcnc\u00fc ki\u015fileri bilme,<\/p><p>(v) ki\u015fisel verilerinizin eksik veya yanl\u0131\u015f i\u015flenmi\u015f olmas\u0131 h\u00e2linde bunlar\u0131n d\u00fczeltilmesini isteme ve bu kapsamda yap\u0131lan i\u015flemin ki\u015fisel verilerin aktar\u0131ld\u0131\u011f\u0131 \u00fc\u00e7\u00fcnc\u00fc ki\u015filere bildirilmesini isteme,<\/p><p>(vi) 6698 say\u0131l\u0131 Kanun ve ilgili di\u011fer kanun h\u00fck\u00fcmlerine uygun olarak i\u015flenmi\u015f olmas\u0131na ra\u011fmen, i\u015flenmesini gerektiren sebeplerin ortadan kalkmas\u0131 h\u00e2linde ki\u015fisel verilerinizin silinmesini veya yok edilmesini isteme ve bu kapsamda yap\u0131lan i\u015flemin ki\u015fisel verilerinizin aktar\u0131ld\u0131\u011f\u0131 \u00fc\u00e7\u00fcnc\u00fc ki\u015filere bildirilmesini isteme,<\/p><p>(vii) i\u015flenen verilerinizin m\u00fcnhas\u0131ran otomatik sistemler vas\u0131tas\u0131yla analiz edilmesi suretiyle ki\u015finin kendisi aleyhine bir sonucun ortaya \u00e7\u0131kmas\u0131na itiraz etme,<\/p><p>(viii) ki\u015fisel verilerinizin kanuna ayk\u0131r\u0131 olarak i\u015flenmesi sebebiyle zarara u\u011framan\u0131z h\u00e2linde zarar\u0131n giderilmesini talep etme<\/p><p>haklar\u0131na sahipsiniz. Yukar\u0131da belirtilen haklar\u0131n\u0131z\u0131 kullanmak i\u00e7in;<\/p><p>KVKK\u2019n\u0131n 13. maddesinin 1. f\u0131kras\u0131 ve 30356 say\u0131l\u0131 ve 10.03.2018 tarihli Veri Sorumlusuna Ba\u015fvuru Usul ve Esaslar\u0131 Hakk\u0131nda Tebli\u011f gere\u011fince T\u00fcrk\u00e7e ve yaz\u0131l\u0131 olarak veya kay\u0131tl\u0131 elektronik posta (KEP) adresi, g\u00fcvenli elektronik imza ya da mobil imza kullanmak suretiyle iletebilirsiniz. Ba\u015fvurularda sadece ba\u015fvuru sahibi ki\u015fi hakk\u0131nda bilgi verilecek olup di\u011fer aile fertleri ve \u00fc\u00e7\u00fcnc\u00fc ki\u015filer hakk\u0131nda bilgi al\u0131nmas\u0131 m\u00fcmk\u00fcn olmayacakt\u0131r. Cevap vermeden \u00f6nce kimli\u011finizi do\u011frulama hakk\u0131m\u0131z sakl\u0131d\u0131r.<\/p><p>Ba\u015fvurunuzda;<\/p><p>a) Ad\u0131n\u0131z\u0131n, soyad\u0131n\u0131z\u0131n ve ba\u015fvuru yaz\u0131l\u0131 ise imzan\u0131z\u0131n,<\/p><p>b) T\u00fcrkiye Cumhuriyeti vatanda\u015flar\u0131 i\u00e7in T.C. kimlik numaran\u0131z\u0131n, yabanc\u0131 iseniz uyru\u011funuzun, pasaport numaran\u0131z\u0131n veya varsa<\/p><p>kimlik numaran\u0131z\u0131n,<\/p><p>c) Tebligata esas yerle\u015fim yeri veya i\u015f yeri adresinizin,<\/p><p>d) Varsa bildirime esas elektronik posta adresi, telefon ve faks numaran\u0131z\u0131n,<\/p><p>e) Talep konunuzun,<\/p><p>bulunmas\u0131 zorunlu olup varsa konuya ili\u015fkin bilgi ve belgelerin de ba\u015fvuruya eklenmesi gerekmektedir. Yaz\u0131l\u0131 olarak yapmak istedi\u011finiz ba\u015fvurular\u0131n\u0131z\u0131, gerekli belgeleri ekleyerek veri sorumlusu olarak Fulya, Terrace, Te\u015fvikiye Mahallesi, Hakk\u0131 Yeten Cd. No:11\/13 C1 Daire:27, 34365 \u015ei\u015fli\/\u0130stanbul adresimize elden teslim etmek suretiyle de ger\u00e7ekle\u015ftirebilirsiniz.<\/p><p>E-posta yoluyla yapmak istedi\u011finiz ba\u015fvurular\u0131n\u0131z\u0131 hello@drniluferbahadirli.com e-posta adresine yapabilirsiniz.<\/p><p>Talebinizin niteli\u011fine g\u00f6re kimlik tespitine olanak sa\u011flayacak bilgi ve belgelerin eksiksiz ve do\u011fru olarak taraf\u0131m\u0131za sa\u011flanmas\u0131 gerekmektedir. \u0130stenilen bilgi ve belgelerin gere\u011fi gibi sa\u011flanmamas\u0131 durumunda, talebinize istinaden yap\u0131lacak ara\u015ft\u0131rmalar\u0131n tam ve nitelikli \u015fekilde y\u00fcr\u00fct\u00fclmesinde aksakl\u0131klar ya\u015fanabilecektir. Bu nedenle, ba\u015fvurunuzun talebinizin niteli\u011fine g\u00f6re eksiksiz ve istenilen bilgileri ve belgeleri i\u00e7erecek \u015fekilde g\u00f6nderilmesi gerekmektedir.<\/p><p>\u00a0<\/p><p>\u00a0<\/p><p>Pazarlama Faaliyetleri i\u00e7in A\u00e7\u0131k R\u0131za Metni<\/p><p>OP. DR. N\u0130L\u00dcFER BAHADIRLI K\u0130\u015e\u0130SEL VER\u0130LER\u0130N KORUNMASI KANUNU AYDINLATMA METN\u0130\u2019nde belirtilen ki\u015fisel verilerimin ve \u00f6zel nitelikli ki\u015fisel verilerimin, hizmet ve \u00fcr\u00fcnlerin kalitesinin art\u0131r\u0131lmas\u0131na y\u00f6nelik yap\u0131lacak olan sat\u0131\u015f ve pazarlama faaliyetleri i\u00e7in yap\u0131lacak size \u00f6zel reklam, kampanya, avantajlar ve faydalar sunmak, sat\u0131\u015f ve pazarlama faaliyetleri i\u00e7in yap\u0131lacak trafik \u00f6l\u00e7\u00fcmleme, istatistiki analizler, segmentasyon\/profilleme ve CRM \u00e7al\u0131\u015fmalar\u0131n\u0131 y\u00fcr\u00fctmek, m\u00fc\u015fteri memnuniyetinin \u00f6l\u00e7\u00fcmlenmesi ve art\u0131r\u0131lmas\u0131, ilgimi \u00e7ekebilecek \u00fcr\u00fcn ve hizmetlerin tespit edilip bu do\u011frultuda taraf\u0131ma \u00f6nerilerde bulunulmas\u0131, promosyon ve hediye g\u00f6nderimi yap\u0131lmas\u0131, \u00e7evrimi\u00e7i davran\u0131\u015flar\u0131m\u0131n analiz ederek bana \u00f6zel reklamlar g\u00f6sterilmesi, taraf\u0131ma sa\u011flanan hizmetin kalitesinin \u00f6l\u00e7\u00fclmesi ve geli\u015ftirilmesi, taraf\u0131n\u0131zca belirlenen segmentlere g\u00f6re profilleme ve skorlama yap\u0131larak m\u00fc\u015fteri portf\u00f6y\u00fcm\u00fcz\u00fcn y\u00f6netilmesi, yeni \u00fcr\u00fcn \u00e7al\u0131\u015fmalarve\/veya geli\u015ftirmeler yapmak amac\u0131yla i\u015flenmesine KVKK\u2019n\u0131n 5. maddesinin 1. f\u0131kras\u0131 ile 6. maddesinin 1. f\u0131kras\u0131 \u00e7er\u00e7evesinde a\u00e7\u0131k r\u0131za veriyorum.<\/p><p><br \/>Yurtd\u0131\u015f\u0131na Aktar\u0131m i\u00e7in A\u00e7\u0131k R\u0131za Metni<\/p><p>OP. DR. N\u0130L\u00dcFER BAHADIRLI K\u0130\u015e\u0130SEL VER\u0130LER\u0130N KORUNMASI KANUNU AYDINLATMA METN\u0130\u2019nde belirtilen ki\u015fisel verilerimin ve \u00f6zel nitelikli ki\u015fisel verilerimintaraf\u0131ma sa\u011fl\u0131k hizmetlerinin verilebilmesi i\u00e7in gerekti\u011fi \u00f6l\u00e7\u00fcde yurtd\u0131\u015f\u0131na aktar\u0131lmas\u0131na a\u00e7\u0131k r\u0131za veriyorum.<\/p><p><br \/>Ticari Elektronik \u0130zin Metni<\/p><p>Op. Dr. Nil\u00fcfer Bahad\u0131rl\u0131 taraf\u0131ndan bilgilendirme, tan\u0131t\u0131m, reklam, \u00fcr\u00fcn teklifleri, promosyonlar, kampanyalar, memnuniyet de\u011ferlendirme \u00e7al\u0131\u015fmalar\u0131 ve duyurular\u0131n iletilmesi amac\u0131yla taraf\u0131mla SMS, e-posta, telefon gibi ileti\u015fime ge\u00e7ilmesine, 6563 say\u0131l\u0131 Elektronik Ticaretin D\u00fczenlenmesi Hakk\u0131nda Kanun ve ilgili mevzuat uyar\u0131nca onay veriyorum.<\/p>\t\t\t\t\t\t\t\t<\/div>\n\t\t\t\t<\/div>\n\t\t\t\t\t<\/div>\n\t\t<\/div>\n\t\t\t\t\t<\/div>\n\t\t<\/section>\n\t\t\t\t<section class=\"elementor-section elementor-top-section elementor-element elementor-element-47024d6f elementor-section-boxed elementor-section-height-default elementor-section-height-default sc_fly_static\" data-id=\"47024d6f\" data-element_type=\"section\">\n\t\t\t\t\t\t<div class=\"elementor-container elementor-column-gap-extended\">\n\t\t\t\t\t<div class=\"elementor-column elementor-col-100 elementor-top-column elementor-element elementor-element-55a84cdc sc_content_align_inherit sc_layouts_column_icons_position_left sc_fly_static\" data-id=\"55a84cdc\" data-element_type=\"column\">\n\t\t\t<div class=\"elementor-widget-wrap elementor-element-populated\">\n\t\t\t\t\t\t<div class=\"elementor-element elementor-element-9b4c9d5 sc_fly_static elementor-widget elementor-widget-spacer\" data-id=\"9b4c9d5\" data-element_type=\"widget\" data-widget_type=\"spacer.default\">\n\t\t\t\t<div class=\"elementor-widget-container\">\n\t\t\t\t\t\t\t<div class=\"elementor-spacer\">\n\t\t\t<div class=\"elementor-spacer-inner\"><\/div>\n\t\t<\/div>\n\t\t\t\t\t\t<\/div>\n\t\t\t\t<\/div>\n\t\t\t\t\t<\/div>\n\t\t<\/div>\n\t\t\t\t\t<\/div>\n\t\t<\/section>\n\t\t\t\t<\/div>","protected":false},"excerpt":{"rendered":"<p>OP. DR. N\u0130L\u00dcFER BAHADIRLI K\u0130\u015e\u0130SEL VER\u0130LER\u0130N KORUNMASI KANUNU AYDINLATMA METN\u0130 OP. DR. N\u0130L\u00dcFER BAHADIRLI taraf\u0131ndan ki\u015fisel verilerinizin hukuka uygun olarak toplanmas\u0131, saklanmas\u0131, i\u015flenmesi ve gerekmesi durumunda payla\u015f\u0131lmas\u0131 s\u0131ras\u0131nda verilerinizin gizlili\u011fini&hellip;<\/p>","protected":false},"author":1,"featured_media":0,"parent":0,"menu_order":0,"comment_status":"closed","ping_status":"closed","template":"","meta":{"_joinchat":[],"footnotes":""},"class_list":["post-12954","page","type-page","status-publish","hentry"],"_hostinger_reach_plugin_has_subscription_block":false,"_hostinger_reach_plugin_is_elementor":false,"_links":{"self":[{"href":"https:\/\/drniluferbahadirli.com\/en\/wp-json\/wp\/v2\/pages\/12954","targetHints":{"allow":["GET"]}}],"collection":[{"href":"https:\/\/drniluferbahadirli.com\/en\/wp-json\/wp\/v2\/pages"}],"about":[{"href":"https:\/\/drniluferbahadirli.com\/en\/wp-json\/wp\/v2\/types\/page"}],"author":[{"embeddable":true,"href":"https:\/\/drniluferbahadirli.com\/en\/wp-json\/wp\/v2\/users\/1"}],"replies":[{"embeddable":true,"href":"https:\/\/drniluferbahadirli.com\/en\/wp-json\/wp\/v2\/comments?post=12954"}],"version-history":[{"count":3,"href":"https:\/\/drniluferbahadirli.com\/en\/wp-json\/wp\/v2\/pages\/12954\/revisions"}],"predecessor-version":[{"id":46222,"href":"https:\/\/drniluferbahadirli.com\/en\/wp-json\/wp\/v2\/pages\/12954\/revisions\/46222"}],"wp:attachment":[{"href":"https:\/\/drniluferbahadirli.com\/en\/wp-json\/wp\/v2\/media?parent=12954"}],"curies":[{"name":"wp","href":"https:\/\/api.w.org\/{rel}","templated":true}]}}